{"id":3,"date":"2020-07-10T20:18:46","date_gmt":"2020-07-10T17:18:46","guid":{"rendered":"https:\/\/tdinamik.com\/?page_id=3"},"modified":"2023-06-19T16:42:04","modified_gmt":"2023-06-19T13:42:04","slug":"privacy-policy","status":"publish","type":"page","link":"https:\/\/tdinamik.com\/en\/privacy-policy\/","title":{"rendered":"Privacy Policy"},"content":{"rendered":"<div class=\"fusion-fullwidth fullwidth-box fusion-builder-row-1 nonhundred-percent-fullwidth non-hundred-percent-height-scrolling\" style=\"--awb-border-radius-top-left:0px;--awb-border-radius-top-right:0px;--awb-border-radius-bottom-right:0px;--awb-border-radius-bottom-left:0px;--awb-padding-top:0px;--awb-padding-right:0px;--awb-padding-bottom:0px;--awb-padding-left:0px;--awb-margin-top:60px;--awb-margin-bottom:60px;--awb-flex-wrap:wrap;\" ><div class=\"fusion-builder-row fusion-row\"><div class=\"fusion-layout-column fusion_builder_column fusion-builder-column-0 fusion_builder_column_1_1 1_1 fusion-one-full fusion-column-first fusion-column-last\" style=\"--awb-bg-size:cover;--awb-margin-top:0px;--awb-margin-bottom:0px;\"><div class=\"fusion-column-wrapper fusion-column-has-shadow fusion-flex-column-wrapper-legacy\"><div class=\"fusion-title title fusion-title-1 fusion-sep-none fusion-title-center fusion-title-text fusion-title-size-two\" style=\"--awb-margin-top-small:25px;--awb-margin-right-small:0px;--awb-margin-bottom-small:16px;--awb-margin-left-small:0px;\"><h2 class=\"fusion-title-heading title-heading-center fusion-responsive-typography-calculated\" style=\"margin:0;--fontSize:28;line-height:1.2;\"><p>AK-TA\u015e D\u0131\u015f Ticaret A. \u015e.<br \/>\nWebsite Privacy Policy<\/p><\/h2><\/div><div class=\"fusion-text fusion-text-1\"><p><strong>1. General Information<\/strong><\/p>\n<p>The protection of personal data is a very sensitive issue for T D\u0130NAM\u0130K ENERJI SAN. VE DI\u015e T\u0130C. A.\u015e. (\u201cT Dinamik\u201d or \u201cCompany\u201d), and is a priority for our Company. For this reason, by preparing this T D\u0130NAM\u0130K ENERJI SAN. VE DI\u015e T\u0130C. A.\u015e. Website Privacy Policy (\u201cPrivacy Policy\u201d), among other activities it carries out for the purpose of protecting personal data, the Company aims at showing utmost care for the protection of your personal data, adopting this as a Company policy, and ensuring compliance with Law No. 6698 on the Protection of Personal Data (\u201cLaw\u201d) along with other applicable legislation.<\/p>\n<p><strong>2. Which Personal Data Do We Collect?<\/strong><\/p>\n<p>Your personal data collected by our Company when you visit our website are basically the following:<\/p>\n<p><strong>Identity Information<\/strong> (name and surname)<br \/>\n<strong>Contact Information<\/strong> (E-mail address, cell phone number, address)<\/p>\n<p><strong>Customer Information<\/strong> (The customer number associated with the individual, an instruction associated with the individual, the order form, customer instructions, information collected upon requests and complaints filed with our Company in connection with the products and services related to the individual, and records saved in related channels)<\/p>\n<p><strong>Candidate Employee Information<\/strong> (resum\u00e9 and job application form)<br \/>\n<strong>Transaction Security Information<\/strong> (Website or web portal password information, IP\u00a0address tracking records)..<\/p>\n<p>Such personal information shall be kept in our Company\u2019s data file for as long as they are required.<\/p>\n<p>When determining the duration for which personal data should be kept, our Company takes applicable legislation and the purposes of processing the data subject to the process into consideration. Within this scope, legal obligations and the statute of limitations related to the activity for which personal data are processed, if any, are strictly taken into consideration. Where the purpose of processing personal data ceases to exist, data are deleted, destroyed or anonymised, provided that there are no other legal reasons or grounds which allow the keeping of such personal data.<\/p>\n<p><strong>3. To What End Do We Process Your Personal Data?<\/strong><\/p>\n<p>Your personal data and personal data of a special nature as defined in Article 6 of the Law are processed only in a limited and moderate manner within the framework of the personal data processing conditions specified in Articles 5 and 6 of the Law, and in line with the main purposes provided in the outline below:<\/p>\n<ul>\n<li>Allowing our relevant business units to carry out the necessary work in order to carry out the commercial operations of the Company, and to conduct the related business processes<\/li>\n<li>Ensuring the legal, technical and commercial-business security of the Company and of those with which the Company shares a business relationship.<\/li>\n<li>The planning, conduct and follow-up of the Company\u2019s human resources policies and processes<\/li>\n<li>Carrying out the Company operations in line with the Company procedures and\/or applicable legislation<\/li>\n<\/ul>\n<p><strong>4. Transfer of Your Personal Data<\/strong><\/p>\n<p>Within the framework of the personal data processing requirements and purposes specified in Articles 8 and 9 of the Law, Personal Data may be shared with parties and business partners supplying products and services to our Company or on behalf of our Company (including, but not limited to, banks, insurance companies, financial and tax audit companies, lawyers, financial advisors, hosting service providers, domestic and foreign cloud service providers, research companies), within the scope of the products and services they supply to the Company. Personal Data may also be shared with our group companies established within the country or abroad, legally authorized public bodies and corporations, and private persons within the scope of the authorisation. In such cases where Personal Data are shared, our Company takes reasonable technical and administrative measures to ensure that the party with which such data are shared, is carrying out processing and transfer operations in compliance with the rules stipulated in this Policy and the provisions of applicable legislation.<\/p>\n<p><strong>5. Use of Cookies<\/strong><\/p>\n<p>Cookies, are small data files stored in the hardware that you use for website navigation. Cookies are used to collect information upon your visits to our website, in order to remember your preferences for your subsequent visits. To this end our Company uses Google Analytics, which is a web analysis service provided by Google, Inc. (\u201cGoogle\u201d). Google Analytics uses cookies to analyze the manner in which the visitors use the website \/ mobile application \/ mobile website, through statistical information \/ reports. For further information on the use of Google Analytics (including rejection options), please visit: <a href=\"https:\/\/www.google.com\/intl\/tr\/policies\/privacy\/#infocollect\">https:\/\/www.google.com\/intl\/tr\/policies\/privacy\/#infocollect<\/a><\/p>\n<p><strong>6. Your Rights As a Data Owner<\/strong><\/p>\n<p>According to Article 11 of the Law, as data owners, you are entitled to the following:<\/p>\n<ul>\n<li>To inquire whether your personal data is being processed.<\/li>\n<li>If your personal data has been processed, to request information on the procedure.<\/li>\n<li>To obtain information on the purpose of processing your personal data,<br \/>\nand inquiring whether they have been used as fit for the purpose.<\/li>\n<li>To obtain information on the third parties with which your personal data have been shared within the country or abroad.<\/li>\n<li>Request for the correction of your personal data that may have been incompletely or inaccurately processed.<\/li>\n<li>To request the deletion or destruction of your personal data within the framework of the provisions stipulated in the applicable legislation.<\/li>\n<li>To request that the procedures carried out upon your request for correction, deletion or destruction are notified to the third persons with which your personal data was shared.<\/li>\n<li>To object to consequences that are detrimental to you as a result of analysis of your data being processed exclusively through automatic systems.<\/li>\n<li>To request compensation for damages in the event that you suffer damages as a result of the unlawful processing of personal data.<\/li>\n<\/ul>\n<p><strong>7. How You May Exercise Your Rights<\/strong><\/p>\n<p>The \u201cForm for Applications to be Filed by the Personal Data Owner with the Data Controller\u201d that may be found on our website may be used to exercise the above rights.<\/p>\n<p>The applications, along with documents verifying your identity, may also be made through any of the following methods:<\/p>\n<ul>\n<li>Completing the form and communicating a copy bearing your original signature by hand or via notary public to the address \u201cK\u0131s\u0131kl\u0131 Mah. \u0130ncir Sok. No:6\/B 34692 \u00dcsk\u00fcdar \/ Istanbul,\u201d<\/li>\n<li>Signing the form through the use of a secure electronic signature regulated under Law No. 5070 on Electronic Signature, and e-mailing it to <a href=\"mailto:tdinamik.ik@hs02.kep.tr\">tdinamik.ik@hs02.kep.tr<\/a>,<\/li>\n<li>Utilising any other means prescribed by the Personal Data Protection Board.<\/li>\n<\/ul>\n<p>Within no longer than thirty (30) days as prescribed by the Law, our Company shall respond to those wishing to exercise such rights within the limits prescribed by the Law. Applications by third persons on behalf of Those Concerned shall require a special power of attorney issued by Those Concerned in the name of the applicant via a notary public.<\/p>\n<p>While your applications are processed free of charge as a rule, a fee may be charged according to the price tariff determined by the Personal Data Protection Board, if any.<\/p>\n<p><strong>8. Contact Us<\/strong><\/p>\n<p>For detailed information, please refer to the \u201cT D\u0130NAM\u0130K ENERJI SAN. VE DI\u015e T\u0130C. A.\u015e. Policy on the Protection and Processing of Personal Data.\u201d For your request to examine the Policy in question, or for any other questions, you may contact us at tdinamik.ik@hs02.kep.tr<\/p>\n<\/div><div class=\"fusion-clearfix\"><\/div><\/div><\/div><\/div><\/div>\n","protected":false},"excerpt":{"rendered":"","protected":false},"author":1,"featured_media":0,"parent":0,"menu_order":0,"comment_status":"closed","ping_status":"closed","template":"","meta":{"inline_featured_image":false,"footnotes":""},"class_list":["post-3","page","type-page","status-publish","hentry"],"yoast_head":"<!-- This site is optimized with the Yoast SEO plugin v27.5 - https:\/\/yoast.com\/product\/yoast-seo-wordpress\/ -->\n<title>Privacy Policy - T Dinamik<\/title>\n<meta name=\"robots\" content=\"index, follow, max-snippet:-1, max-image-preview:large, max-video-preview:-1\" \/>\n<link rel=\"canonical\" href=\"https:\/\/tdinamik.com\/en\/privacy-policy\/\" \/>\n<meta property=\"og:locale\" content=\"en_GB\" \/>\n<meta property=\"og:type\" content=\"article\" \/>\n<meta property=\"og:title\" content=\"Privacy Policy - T Dinamik\" \/>\n<meta property=\"og:url\" content=\"https:\/\/tdinamik.com\/en\/privacy-policy\/\" \/>\n<meta property=\"og:site_name\" content=\"T Dinamik\" \/>\n<meta property=\"article:modified_time\" content=\"2023-06-19T13:42:04+00:00\" \/>\n<meta name=\"twitter:card\" content=\"summary_large_image\" \/>\n<meta name=\"twitter:label1\" content=\"Estimated reading time\" \/>\n\t<meta name=\"twitter:data1\" content=\"7 minutes\" \/>\n<script type=\"application\/ld+json\" class=\"yoast-schema-graph\">{\"@context\":\"https:\\\/\\\/schema.org\",\"@graph\":[{\"@type\":\"WebPage\",\"@id\":\"https:\\\/\\\/tdinamik.com\\\/en\\\/privacy-policy\\\/\",\"url\":\"https:\\\/\\\/tdinamik.com\\\/en\\\/privacy-policy\\\/\",\"name\":\"Privacy Policy - T Dinamik\",\"isPartOf\":{\"@id\":\"https:\\\/\\\/tdinamik.com\\\/en\\\/#website\"},\"datePublished\":\"2020-07-10T17:18:46+00:00\",\"dateModified\":\"2023-06-19T13:42:04+00:00\",\"breadcrumb\":{\"@id\":\"https:\\\/\\\/tdinamik.com\\\/en\\\/privacy-policy\\\/#breadcrumb\"},\"inLanguage\":\"en-GB\",\"potentialAction\":[{\"@type\":\"ReadAction\",\"target\":[\"https:\\\/\\\/tdinamik.com\\\/en\\\/privacy-policy\\\/\"]}]},{\"@type\":\"BreadcrumbList\",\"@id\":\"https:\\\/\\\/tdinamik.com\\\/en\\\/privacy-policy\\\/#breadcrumb\",\"itemListElement\":[{\"@type\":\"ListItem\",\"position\":1,\"name\":\"Anasayfa\",\"item\":\"https:\\\/\\\/tdinamik.com\\\/en\\\/\"},{\"@type\":\"ListItem\",\"position\":2,\"name\":\"Privacy Policy\"}]},{\"@type\":\"WebSite\",\"@id\":\"https:\\\/\\\/tdinamik.com\\\/en\\\/#website\",\"url\":\"https:\\\/\\\/tdinamik.com\\\/en\\\/\",\"name\":\"T Dinamik\",\"description\":\"Power of the nature, energy of the future\",\"publisher\":{\"@id\":\"https:\\\/\\\/tdinamik.com\\\/en\\\/#organization\"},\"potentialAction\":[{\"@type\":\"SearchAction\",\"target\":{\"@type\":\"EntryPoint\",\"urlTemplate\":\"https:\\\/\\\/tdinamik.com\\\/en\\\/?s={search_term_string}\"},\"query-input\":{\"@type\":\"PropertyValueSpecification\",\"valueRequired\":true,\"valueName\":\"search_term_string\"}}],\"inLanguage\":\"en-GB\"},{\"@type\":\"Organization\",\"@id\":\"https:\\\/\\\/tdinamik.com\\\/en\\\/#organization\",\"name\":\"Tdinamik (EN)\",\"url\":\"https:\\\/\\\/tdinamik.com\\\/en\\\/\",\"logo\":{\"@type\":\"ImageObject\",\"inLanguage\":\"en-GB\",\"@id\":\"https:\\\/\\\/tdinamik.com\\\/en\\\/#\\\/schema\\\/logo\\\/image\\\/\",\"url\":\"https:\\\/\\\/tdinamik.com\\\/en\\\/wp-content\\\/uploads\\\/2020\\\/08\\\/T-Dinamik_Logo_EN_R_C_001.png\",\"contentUrl\":\"https:\\\/\\\/tdinamik.com\\\/en\\\/wp-content\\\/uploads\\\/2020\\\/08\\\/T-Dinamik_Logo_EN_R_C_001.png\",\"width\":267,\"height\":150,\"caption\":\"Tdinamik (EN)\"},\"image\":{\"@id\":\"https:\\\/\\\/tdinamik.com\\\/en\\\/#\\\/schema\\\/logo\\\/image\\\/\"},\"sameAs\":[\"https:\\\/\\\/www.youtube.com\\\/@T_Dinamik\",\"https:\\\/\\\/www.linkedin.com\\\/company\\\/tdinamikenerji\\\/\"]}]}<\/script>\n<!-- \/ Yoast SEO plugin. -->","yoast_head_json":{"title":"Privacy Policy - T Dinamik","robots":{"index":"index","follow":"follow","max-snippet":"max-snippet:-1","max-image-preview":"max-image-preview:large","max-video-preview":"max-video-preview:-1"},"canonical":"https:\/\/tdinamik.com\/en\/privacy-policy\/","og_locale":"en_GB","og_type":"article","og_title":"Privacy Policy - T Dinamik","og_url":"https:\/\/tdinamik.com\/en\/privacy-policy\/","og_site_name":"T Dinamik","article_modified_time":"2023-06-19T13:42:04+00:00","twitter_card":"summary_large_image","twitter_misc":{"Estimated reading time":"7 minutes"},"schema":{"@context":"https:\/\/schema.org","@graph":[{"@type":"WebPage","@id":"https:\/\/tdinamik.com\/en\/privacy-policy\/","url":"https:\/\/tdinamik.com\/en\/privacy-policy\/","name":"Privacy Policy - T Dinamik","isPartOf":{"@id":"https:\/\/tdinamik.com\/en\/#website"},"datePublished":"2020-07-10T17:18:46+00:00","dateModified":"2023-06-19T13:42:04+00:00","breadcrumb":{"@id":"https:\/\/tdinamik.com\/en\/privacy-policy\/#breadcrumb"},"inLanguage":"en-GB","potentialAction":[{"@type":"ReadAction","target":["https:\/\/tdinamik.com\/en\/privacy-policy\/"]}]},{"@type":"BreadcrumbList","@id":"https:\/\/tdinamik.com\/en\/privacy-policy\/#breadcrumb","itemListElement":[{"@type":"ListItem","position":1,"name":"Anasayfa","item":"https:\/\/tdinamik.com\/en\/"},{"@type":"ListItem","position":2,"name":"Privacy Policy"}]},{"@type":"WebSite","@id":"https:\/\/tdinamik.com\/en\/#website","url":"https:\/\/tdinamik.com\/en\/","name":"T Dinamik","description":"Power of the nature, energy of the future","publisher":{"@id":"https:\/\/tdinamik.com\/en\/#organization"},"potentialAction":[{"@type":"SearchAction","target":{"@type":"EntryPoint","urlTemplate":"https:\/\/tdinamik.com\/en\/?s={search_term_string}"},"query-input":{"@type":"PropertyValueSpecification","valueRequired":true,"valueName":"search_term_string"}}],"inLanguage":"en-GB"},{"@type":"Organization","@id":"https:\/\/tdinamik.com\/en\/#organization","name":"Tdinamik (EN)","url":"https:\/\/tdinamik.com\/en\/","logo":{"@type":"ImageObject","inLanguage":"en-GB","@id":"https:\/\/tdinamik.com\/en\/#\/schema\/logo\/image\/","url":"https:\/\/tdinamik.com\/en\/wp-content\/uploads\/2020\/08\/T-Dinamik_Logo_EN_R_C_001.png","contentUrl":"https:\/\/tdinamik.com\/en\/wp-content\/uploads\/2020\/08\/T-Dinamik_Logo_EN_R_C_001.png","width":267,"height":150,"caption":"Tdinamik (EN)"},"image":{"@id":"https:\/\/tdinamik.com\/en\/#\/schema\/logo\/image\/"},"sameAs":["https:\/\/www.youtube.com\/@T_Dinamik","https:\/\/www.linkedin.com\/company\/tdinamikenerji\/"]}]}},"_links":{"self":[{"href":"https:\/\/tdinamik.com\/en\/wp-json\/wp\/v2\/pages\/3","targetHints":{"allow":["GET"]}}],"collection":[{"href":"https:\/\/tdinamik.com\/en\/wp-json\/wp\/v2\/pages"}],"about":[{"href":"https:\/\/tdinamik.com\/en\/wp-json\/wp\/v2\/types\/page"}],"author":[{"embeddable":true,"href":"https:\/\/tdinamik.com\/en\/wp-json\/wp\/v2\/users\/1"}],"replies":[{"embeddable":true,"href":"https:\/\/tdinamik.com\/en\/wp-json\/wp\/v2\/comments?post=3"}],"version-history":[{"count":13,"href":"https:\/\/tdinamik.com\/en\/wp-json\/wp\/v2\/pages\/3\/revisions"}],"predecessor-version":[{"id":3641,"href":"https:\/\/tdinamik.com\/en\/wp-json\/wp\/v2\/pages\/3\/revisions\/3641"}],"wp:attachment":[{"href":"https:\/\/tdinamik.com\/en\/wp-json\/wp\/v2\/media?parent=3"}],"curies":[{"name":"wp","href":"https:\/\/api.w.org\/{rel}","templated":true}]}}