{"id":3872,"date":"2024-01-12T08:31:52","date_gmt":"2024-01-12T05:31:52","guid":{"rendered":"https:\/\/tdinamik.com\/en\/?page_id=3872"},"modified":"2024-01-12T08:31:52","modified_gmt":"2024-01-12T05:31:52","slug":"commercial-electronic-message-consent-form","status":"publish","type":"page","link":"https:\/\/tdinamik.com\/en\/commercial-electronic-message-consent-form\/","title":{"rendered":"Commercial Electronic Message Consent Form"},"content":{"rendered":"<div class=\"fusion-fullwidth fullwidth-box fusion-builder-row-1 nonhundred-percent-fullwidth non-hundred-percent-height-scrolling\" style=\"--awb-border-radius-top-left:0px;--awb-border-radius-top-right:0px;--awb-border-radius-bottom-right:0px;--awb-border-radius-bottom-left:0px;--awb-padding-top:0px;--awb-padding-right:0px;--awb-padding-bottom:0px;--awb-padding-left:0px;--awb-margin-top:60px;--awb-margin-bottom:60px;--awb-flex-wrap:wrap;\" ><div class=\"fusion-builder-row fusion-row\"><div class=\"fusion-layout-column fusion_builder_column fusion-builder-column-0 fusion_builder_column_1_1 1_1 fusion-one-full fusion-column-first fusion-column-last\" style=\"--awb-bg-size:cover;--awb-margin-top:0px;--awb-margin-bottom:0px;\"><div class=\"fusion-column-wrapper fusion-column-has-shadow fusion-flex-column-wrapper-legacy\"><div class=\"fusion-title title fusion-title-1 fusion-sep-none fusion-title-center fusion-title-text fusion-title-size-two\" style=\"--awb-margin-top-small:25px;--awb-margin-right-small:0px;--awb-margin-bottom-small:16px;--awb-margin-left-small:0px;\"><h2 class=\"fusion-title-heading title-heading-center fusion-responsive-typography-calculated\" style=\"margin:0;--fontSize:28;line-height:1.2;\">Commercial Electronic Message Consent Form<\/h2><\/div><div class=\"fusion-text fusion-text-1\"><p>I approve give my consent\/permission for my contact information that I have declared through the website and that I will share with T Dinamik Enerji Sanayi ve D\u0131\u015f Ticaret Anonim \u015eirketi (&#8220;<strong>T-Dinamik<\/strong>&#8221; or &#8220;<strong>Company<\/strong>&#8220;) to be used for general or personalized campaigns, announcements, e-bulletins, notifications, surveys for customer satisfaction regarding products and services within the scope of marketing activities, sending commercial messages to me via e-mail and to be recorded and stored for submission to the Ministry of Customs and Trade.<\/p>\n<\/div><div class=\"fusion-clearfix\"><\/div><\/div><\/div><\/div><\/div>\n","protected":false},"excerpt":{"rendered":"","protected":false},"author":1,"featured_media":0,"parent":0,"menu_order":0,"comment_status":"closed","ping_status":"closed","template":"","meta":{"inline_featured_image":false,"footnotes":""},"class_list":["post-3872","page","type-page","status-publish","hentry"],"yoast_head":"<!-- This site is optimized with the Yoast SEO plugin v27.5 - https:\/\/yoast.com\/product\/yoast-seo-wordpress\/ -->\n<title>Commercial Electronic Message Consent Form - T Dinamik<\/title>\n<meta name=\"robots\" content=\"index, follow, max-snippet:-1, max-image-preview:large, max-video-preview:-1\" \/>\n<link rel=\"canonical\" href=\"https:\/\/tdinamik.com\/en\/commercial-electronic-message-consent-form\/\" \/>\n<meta property=\"og:locale\" content=\"en_GB\" \/>\n<meta property=\"og:type\" content=\"article\" \/>\n<meta property=\"og:title\" content=\"Commercial Electronic Message Consent Form - T Dinamik\" \/>\n<meta property=\"og:url\" content=\"https:\/\/tdinamik.com\/en\/commercial-electronic-message-consent-form\/\" \/>\n<meta property=\"og:site_name\" content=\"T Dinamik\" \/>\n<meta name=\"twitter:card\" content=\"summary_large_image\" \/>\n<meta name=\"twitter:label1\" content=\"Estimated reading time\" \/>\n\t<meta name=\"twitter:data1\" content=\"1 minute\" \/>\n<script type=\"application\/ld+json\" class=\"yoast-schema-graph\">{\"@context\":\"https:\\\/\\\/schema.org\",\"@graph\":[{\"@type\":\"WebPage\",\"@id\":\"https:\\\/\\\/tdinamik.com\\\/en\\\/commercial-electronic-message-consent-form\\\/\",\"url\":\"https:\\\/\\\/tdinamik.com\\\/en\\\/commercial-electronic-message-consent-form\\\/\",\"name\":\"Commercial Electronic Message Consent Form - T Dinamik\",\"isPartOf\":{\"@id\":\"https:\\\/\\\/tdinamik.com\\\/en\\\/#website\"},\"datePublished\":\"2024-01-12T05:31:52+00:00\",\"breadcrumb\":{\"@id\":\"https:\\\/\\\/tdinamik.com\\\/en\\\/commercial-electronic-message-consent-form\\\/#breadcrumb\"},\"inLanguage\":\"en-GB\",\"potentialAction\":[{\"@type\":\"ReadAction\",\"target\":[\"https:\\\/\\\/tdinamik.com\\\/en\\\/commercial-electronic-message-consent-form\\\/\"]}]},{\"@type\":\"BreadcrumbList\",\"@id\":\"https:\\\/\\\/tdinamik.com\\\/en\\\/commercial-electronic-message-consent-form\\\/#breadcrumb\",\"itemListElement\":[{\"@type\":\"ListItem\",\"position\":1,\"name\":\"Anasayfa\",\"item\":\"https:\\\/\\\/tdinamik.com\\\/en\\\/\"},{\"@type\":\"ListItem\",\"position\":2,\"name\":\"Commercial Electronic Message Consent Form\"}]},{\"@type\":\"WebSite\",\"@id\":\"https:\\\/\\\/tdinamik.com\\\/en\\\/#website\",\"url\":\"https:\\\/\\\/tdinamik.com\\\/en\\\/\",\"name\":\"T Dinamik\",\"description\":\"Power of the nature, energy of the future\",\"publisher\":{\"@id\":\"https:\\\/\\\/tdinamik.com\\\/en\\\/#organization\"},\"potentialAction\":[{\"@type\":\"SearchAction\",\"target\":{\"@type\":\"EntryPoint\",\"urlTemplate\":\"https:\\\/\\\/tdinamik.com\\\/en\\\/?s={search_term_string}\"},\"query-input\":{\"@type\":\"PropertyValueSpecification\",\"valueRequired\":true,\"valueName\":\"search_term_string\"}}],\"inLanguage\":\"en-GB\"},{\"@type\":\"Organization\",\"@id\":\"https:\\\/\\\/tdinamik.com\\\/en\\\/#organization\",\"name\":\"Tdinamik (EN)\",\"url\":\"https:\\\/\\\/tdinamik.com\\\/en\\\/\",\"logo\":{\"@type\":\"ImageObject\",\"inLanguage\":\"en-GB\",\"@id\":\"https:\\\/\\\/tdinamik.com\\\/en\\\/#\\\/schema\\\/logo\\\/image\\\/\",\"url\":\"https:\\\/\\\/tdinamik.com\\\/en\\\/wp-content\\\/uploads\\\/2020\\\/08\\\/T-Dinamik_Logo_EN_R_C_001.png\",\"contentUrl\":\"https:\\\/\\\/tdinamik.com\\\/en\\\/wp-content\\\/uploads\\\/2020\\\/08\\\/T-Dinamik_Logo_EN_R_C_001.png\",\"width\":267,\"height\":150,\"caption\":\"Tdinamik (EN)\"},\"image\":{\"@id\":\"https:\\\/\\\/tdinamik.com\\\/en\\\/#\\\/schema\\\/logo\\\/image\\\/\"},\"sameAs\":[\"https:\\\/\\\/www.youtube.com\\\/@T_Dinamik\",\"https:\\\/\\\/www.linkedin.com\\\/company\\\/tdinamikenerji\\\/\"]}]}<\/script>\n<!-- \/ Yoast SEO plugin. -->","yoast_head_json":{"title":"Commercial Electronic Message Consent Form - T Dinamik","robots":{"index":"index","follow":"follow","max-snippet":"max-snippet:-1","max-image-preview":"max-image-preview:large","max-video-preview":"max-video-preview:-1"},"canonical":"https:\/\/tdinamik.com\/en\/commercial-electronic-message-consent-form\/","og_locale":"en_GB","og_type":"article","og_title":"Commercial Electronic Message Consent Form - T Dinamik","og_url":"https:\/\/tdinamik.com\/en\/commercial-electronic-message-consent-form\/","og_site_name":"T Dinamik","twitter_card":"summary_large_image","twitter_misc":{"Estimated reading time":"1 minute"},"schema":{"@context":"https:\/\/schema.org","@graph":[{"@type":"WebPage","@id":"https:\/\/tdinamik.com\/en\/commercial-electronic-message-consent-form\/","url":"https:\/\/tdinamik.com\/en\/commercial-electronic-message-consent-form\/","name":"Commercial Electronic Message Consent Form - T Dinamik","isPartOf":{"@id":"https:\/\/tdinamik.com\/en\/#website"},"datePublished":"2024-01-12T05:31:52+00:00","breadcrumb":{"@id":"https:\/\/tdinamik.com\/en\/commercial-electronic-message-consent-form\/#breadcrumb"},"inLanguage":"en-GB","potentialAction":[{"@type":"ReadAction","target":["https:\/\/tdinamik.com\/en\/commercial-electronic-message-consent-form\/"]}]},{"@type":"BreadcrumbList","@id":"https:\/\/tdinamik.com\/en\/commercial-electronic-message-consent-form\/#breadcrumb","itemListElement":[{"@type":"ListItem","position":1,"name":"Anasayfa","item":"https:\/\/tdinamik.com\/en\/"},{"@type":"ListItem","position":2,"name":"Commercial Electronic Message Consent Form"}]},{"@type":"WebSite","@id":"https:\/\/tdinamik.com\/en\/#website","url":"https:\/\/tdinamik.com\/en\/","name":"T Dinamik","description":"Power of the nature, energy of the future","publisher":{"@id":"https:\/\/tdinamik.com\/en\/#organization"},"potentialAction":[{"@type":"SearchAction","target":{"@type":"EntryPoint","urlTemplate":"https:\/\/tdinamik.com\/en\/?s={search_term_string}"},"query-input":{"@type":"PropertyValueSpecification","valueRequired":true,"valueName":"search_term_string"}}],"inLanguage":"en-GB"},{"@type":"Organization","@id":"https:\/\/tdinamik.com\/en\/#organization","name":"Tdinamik (EN)","url":"https:\/\/tdinamik.com\/en\/","logo":{"@type":"ImageObject","inLanguage":"en-GB","@id":"https:\/\/tdinamik.com\/en\/#\/schema\/logo\/image\/","url":"https:\/\/tdinamik.com\/en\/wp-content\/uploads\/2020\/08\/T-Dinamik_Logo_EN_R_C_001.png","contentUrl":"https:\/\/tdinamik.com\/en\/wp-content\/uploads\/2020\/08\/T-Dinamik_Logo_EN_R_C_001.png","width":267,"height":150,"caption":"Tdinamik (EN)"},"image":{"@id":"https:\/\/tdinamik.com\/en\/#\/schema\/logo\/image\/"},"sameAs":["https:\/\/www.youtube.com\/@T_Dinamik","https:\/\/www.linkedin.com\/company\/tdinamikenerji\/"]}]}},"_links":{"self":[{"href":"https:\/\/tdinamik.com\/en\/wp-json\/wp\/v2\/pages\/3872","targetHints":{"allow":["GET"]}}],"collection":[{"href":"https:\/\/tdinamik.com\/en\/wp-json\/wp\/v2\/pages"}],"about":[{"href":"https:\/\/tdinamik.com\/en\/wp-json\/wp\/v2\/types\/page"}],"author":[{"embeddable":true,"href":"https:\/\/tdinamik.com\/en\/wp-json\/wp\/v2\/users\/1"}],"replies":[{"embeddable":true,"href":"https:\/\/tdinamik.com\/en\/wp-json\/wp\/v2\/comments?post=3872"}],"version-history":[{"count":1,"href":"https:\/\/tdinamik.com\/en\/wp-json\/wp\/v2\/pages\/3872\/revisions"}],"predecessor-version":[{"id":3873,"href":"https:\/\/tdinamik.com\/en\/wp-json\/wp\/v2\/pages\/3872\/revisions\/3873"}],"wp:attachment":[{"href":"https:\/\/tdinamik.com\/en\/wp-json\/wp\/v2\/media?parent=3872"}],"curies":[{"name":"wp","href":"https:\/\/api.w.org\/{rel}","templated":true}]}}